{"id":925,"date":"2023-04-16T12:27:06","date_gmt":"2023-04-16T10:27:06","guid":{"rendered":"https:\/\/radicalresilience.noblogs.org\/?page_id=925"},"modified":"2023-06-16T16:11:58","modified_gmt":"2023-06-16T14:11:58","slug":"resources","status":"publish","type":"page","link":"https:\/\/radicalresilience.noblogs.org\/fr\/resources\/","title":{"rendered":"Pour des mouvements qui prennent soin &#8211; maladies chroniques et activisme"},"content":{"rendered":"<p><img loading=\"lazy\" decoding=\"async\" class=\"size-medium wp-image-134 alignleft\" src=\"https:\/\/radicalresilience.noblogs.org\/files\/2019\/09\/photo_2019-09-19_12-45-27-225x300.jpg\" alt=\"caring movements zine, plantpots in background\" width=\"225\" height=\"300\" srcset=\"https:\/\/radicalresilience.noblogs.org\/files\/2019\/09\/photo_2019-09-19_12-45-27-225x300.jpg 225w, https:\/\/radicalresilience.noblogs.org\/files\/2019\/09\/photo_2019-09-19_12-45-27-768x1024.jpg 768w, https:\/\/radicalresilience.noblogs.org\/files\/2019\/09\/photo_2019-09-19_12-45-27.jpg 960w\" sizes=\"auto, (max-width: 225px) 100vw, 225px\" \/><\/p>\n<p>Nous avons r\u00e9alis\u00e9 un zine sur la vie avec une maladie chronique et la participation \u00e0 des mouvements militants. Ce zine fait le point sur la situation actuelle et propose quelques id\u00e9es pour rendre nos mouvements plus inclusifs et plus solidaires. Vous pouvez le lire en ligne ou l&rsquo;imprimer ici. Si vous l&rsquo;aimez, n&rsquo;h\u00e9sitez pas \u00e0 le partager, \u00e0 l&rsquo;imprimer et \u00e0 le distribuer!<\/p>\n<p>&nbsp;<\/p>\n<p>&nbsp;<\/p>\n<p>Merci \u00e0 <a href=\"https:\/\/eyfa.org\/\" target=\"_blank\" rel=\"noopener noreferrer\">EYFA<\/a> pour leur soutien et ses encouragements ainsi que pour la conception graphique.<\/p>\n<p>Vous pouvez <a href=\"https:\/\/radicalresilience.noblogs.org\/files\/2023\/04\/Caring_Movements_ZIN_FR_web_040122.pdf\">t\u00e9l\u00e9charger le zine ici<\/a>. Il est \u00e9galement possible de l&rsquo;imprimer.<\/p>\n<p>Si vous souhaitez l&rsquo;imprimer dans une imprimerie professionnelle, faites-le nous savoir et nous vous enverrons un fichier \u00e0 cet effet.<\/p>\n<p>Il existent \u00e9galement des versions du zine en anglais, en galego, en castel\u00e1n et en polonais que vous pouvez trouver <a href=\"https:\/\/radicalresilience.noblogs.org\/resources\/\">ici.<\/a><\/p>\n<p>&nbsp;<\/p>\n","protected":false},"excerpt":{"rendered":"<p>Nous avons r\u00e9alis\u00e9 un zine sur la vie avec une maladie chronique et la participation \u00e0 des mouvements militants. Ce zine fait le point sur la situation actuelle et propose quelques id\u00e9es pour rendre nos mouvements plus inclusifs et plus &hellip; <a href=\"https:\/\/radicalresilience.noblogs.org\/fr\/resources\/\">Continuer la lecture <span class=\"meta-nav\">&rarr;<\/span><\/a><\/p>\n","protected":false},"author":9790,"featured_media":0,"parent":0,"menu_order":0,"comment_status":"closed","ping_status":"closed","template":"","meta":{"_locale":"fr_FR","_original_post":"159","footnotes":""},"class_list":["post-925","page","type-page","status-publish","hentry","fr-FR"],"_links":{"self":[{"href":"https:\/\/radicalresilience.noblogs.org\/wp-json\/wp\/v2\/pages\/925","targetHints":{"allow":["GET"]}}],"collection":[{"href":"https:\/\/radicalresilience.noblogs.org\/wp-json\/wp\/v2\/pages"}],"about":[{"href":"https:\/\/radicalresilience.noblogs.org\/wp-json\/wp\/v2\/types\/page"}],"author":[{"embeddable":true,"href":"https:\/\/radicalresilience.noblogs.org\/wp-json\/wp\/v2\/users\/9790"}],"replies":[{"embeddable":true,"href":"https:\/\/radicalresilience.noblogs.org\/wp-json\/wp\/v2\/comments?post=925"}],"version-history":[{"count":7,"href":"https:\/\/radicalresilience.noblogs.org\/wp-json\/wp\/v2\/pages\/925\/revisions"}],"predecessor-version":[{"id":970,"href":"https:\/\/radicalresilience.noblogs.org\/wp-json\/wp\/v2\/pages\/925\/revisions\/970"}],"wp:attachment":[{"href":"https:\/\/radicalresilience.noblogs.org\/wp-json\/wp\/v2\/media?parent=925"}],"curies":[{"name":"wp","href":"https:\/\/api.w.org\/{rel}","templated":true}]}}