{"id":668,"date":"2020-08-11T12:16:07","date_gmt":"2020-08-11T10:16:07","guid":{"rendered":"https:\/\/radicalresilience.noblogs.org\/?page_id=668"},"modified":"2022-04-10T12:33:21","modified_gmt":"2022-04-10T10:33:21","slug":"interesting-links","status":"publish","type":"page","link":"https:\/\/radicalresilience.noblogs.org\/fr\/interesting-links\/","title":{"rendered":"Liens int\u00e9ressants"},"content":{"rendered":"<p><strong id=\"top\"><a href=\"https:\/\/radicalresilience.noblogs.org\/de\/interesting-links\/\">Deutsch<\/a><\/strong><\/p>\n<p><strong>Francais<\/strong><\/p>\n<p><a href=\"https:\/\/radicalresilience.noblogs.org\/interesting-links\/\" rel=\"noopener noreferrer\"><strong>English<\/strong><\/a><\/p>\n<p><a href=\"https:\/\/radicalresilience.noblogs.org\/de\/interesujace-linki\/\"><strong>Polski<\/strong><\/a><\/p>\n<p>Nous sommes en train de remplier cette page \ud83d\ude42 Si vous avez de l&rsquo;info pour nous, faites nous savoir!<\/p>\n<p class=\"site-title\"><a href=\"https:\/\/payetonburnoutmilitant.fr\/\" rel=\"home\">Paye ton burn out militant <\/a>Changer de regard sur l&rsquo;\u00e9puisement<\/p>\n<p><a href=\"https:\/\/www.tapage-mag.com\/self-care\/comment-eviter-le-burn-out-militant\" target=\"_blank\" rel=\"noopener noreferrer\">Comment \u00e9viter le burn out militant?<\/a><\/p>\n<p><a href=\"https:\/\/nantes.indymedia.org\/articles\/41154\" target=\"_blank\" rel=\"noopener noreferrer\">Premiers secours e<\/a><a href=\"https:\/\/nantes.indymedia.org\/articles\/41154\" target=\"_blank\" rel=\"noopener noreferrer\">motionnels<\/a> dans nos luttes<\/p>\n<p><a href=\"https:\/\/www.activist-trauma.net\/fr\/downloads.html\" target=\"_blank\" rel=\"noopener noreferrer\">Activist trauma support<\/a><\/p>\n<p>zinzin zine (bo\u00eete \u00e0 outils pour les luttes des personnes psychiatris\u00e9es):<\/p>\n<ul>\n<li><a href=\"http:\/\/www.zinzinzine.net\/2016\/05\/activisme-et-traumatisme-comment-gerer-vos-reactions-psychologiques-a-la-brutalite-de-la-police-et-d-autres.html\" target=\"_blank\" rel=\"noopener noreferrer\">activisme et traumatisme<\/a> comment g\u00e9rer vos r\u00e9actions psychologiques \u00e0 la brutalit\u00e9 de la police et d&rsquo;autres&#8230;<\/li>\n<li><a href=\"http:\/\/www.zinzinzine.net\/activistes-et-syndrome-de-stress-post-traumatique.html\">les activistes et le syndrome de Stress Post-Traumatique<\/a><\/li>\n<\/ul>\n<p>Article sur des violences polici\u00e8res et des effects traumatiques: <a href=\"https:\/\/paris-luttes.info\/des-blessures-qu-on-ne-saurait-13461?lang=fr\">des blessures qu&rsquo;on ne saurait nommer<\/a><\/p>\n<p>Folie &amp; oppression &#8211; un guide des <a href=\"https:\/\/icarus.poivron.org\/uploads\/2018\/05\/folieoppression.pdf\">Mad Maps<\/a> par le <a href=\"https:\/\/icarus.poivron.org\/vouloir-mourir-vouloir-changer\/liens\/\">Projet Icarus<\/a><\/p>\n<p><a href=\"http:\/\/diffraction.zone\/boite-a-outils\/\">Bo\u00eete \u00e0 outils<\/a> de diffraction: plein des ressources par example sur les dynamiques de groupes, pouvoirs et privil\u00e8ges, activisme soutenable&#8230;<\/p>\n<p><a href=\"https:\/\/politicsandcare.wordpress.com\/ressources\/\">Politics &amp; Care<\/a> &#8211; un espace pour tricotter les liens entre le bien-\u00eatre collectif, le care et le politique<\/p>\n","protected":false},"excerpt":{"rendered":"<p>Deutsch Francais English Polski Nous sommes en train de remplier cette page \ud83d\ude42 Si vous avez de l&rsquo;info pour nous, faites nous savoir! Paye ton burn out militant Changer de regard sur l&rsquo;\u00e9puisement Comment \u00e9viter le burn out militant? Premiers &hellip; <a href=\"https:\/\/radicalresilience.noblogs.org\/fr\/interesting-links\/\">Continuer la lecture <span class=\"meta-nav\">&rarr;<\/span><\/a><\/p>\n","protected":false},"author":9790,"featured_media":0,"parent":0,"menu_order":1,"comment_status":"closed","ping_status":"closed","template":"","meta":{"_locale":"fr_FR","_original_post":"67","footnotes":""},"class_list":["post-668","page","type-page","status-publish","hentry","fr-FR"],"_links":{"self":[{"href":"https:\/\/radicalresilience.noblogs.org\/wp-json\/wp\/v2\/pages\/668","targetHints":{"allow":["GET"]}}],"collection":[{"href":"https:\/\/radicalresilience.noblogs.org\/wp-json\/wp\/v2\/pages"}],"about":[{"href":"https:\/\/radicalresilience.noblogs.org\/wp-json\/wp\/v2\/types\/page"}],"author":[{"embeddable":true,"href":"https:\/\/radicalresilience.noblogs.org\/wp-json\/wp\/v2\/users\/9790"}],"replies":[{"embeddable":true,"href":"https:\/\/radicalresilience.noblogs.org\/wp-json\/wp\/v2\/comments?post=668"}],"version-history":[{"count":9,"href":"https:\/\/radicalresilience.noblogs.org\/wp-json\/wp\/v2\/pages\/668\/revisions"}],"predecessor-version":[{"id":843,"href":"https:\/\/radicalresilience.noblogs.org\/wp-json\/wp\/v2\/pages\/668\/revisions\/843"}],"wp:attachment":[{"href":"https:\/\/radicalresilience.noblogs.org\/wp-json\/wp\/v2\/media?parent=668"}],"curies":[{"name":"wp","href":"https:\/\/api.w.org\/{rel}","templated":true}]}}