{"id":626,"date":"2020-06-22T14:44:16","date_gmt":"2020-06-22T12:44:16","guid":{"rendered":"https:\/\/radicalresilience.noblogs.org\/?page_id=626"},"modified":"2021-07-18T18:30:31","modified_gmt":"2021-07-18T16:30:31","slug":"interesting-events","status":"publish","type":"page","link":"https:\/\/radicalresilience.noblogs.org\/fr\/interesting-events\/","title":{"rendered":"Ev\u00e9nements int\u00e9ressants"},"content":{"rendered":"<p><a href=\"https:\/\/www.orspere-samdarra.com\/outil\/mieux-comprendre-la-sante-mentale-des-reperes-pour-agir-guide-pratique-sur-la-sante-mentale-pour-les-personnes-en-situation-de-precarite-ou-de-migration\/\" target=\"_blank\" rel=\"noopener\">Mieux comprendre la sant\u00e9 mentale, des rep\u00e8res pour agir.<\/a> Guide pratique sur la sant\u00e9 mentale pour les personnes en situation de pr\u00e9carit\u00e9 ou de migration en fran\u00e7ais, anglais, arabe, albanais, bengali.<\/p>\n<p>&nbsp;<\/p>\n<p>Il y a des<a href=\"https:\/\/hodisterre.be\/fr\/calendrier-2\/\"> formations en francais<\/a> autour les sujets du film dans un <a href=\"https:\/\/hodisterre.be\/fr\/home-fr\/\">centre en belgique<\/a>, feros.<\/p>\n<p>Ils offrent aussi des formations en anglais et n\u00e9erlandais.<\/p>\n<p>&nbsp;<\/p>\n<p>The following places offer courses in English:<\/p>\n<p><strong>In Europe<\/strong>:<\/p>\n<p>Check out the<a href=\"https:\/\/ulexproject.org\/courses_events\/\"> Ulex center<\/a>,in Catalunya, Spain for different courses in English<\/p>\n<p>Seeds for change, also do <a href=\"https:\/\/www.seedsforchange.org.uk\/training\">trainings<\/a> around the subject in the film, you can get in touch with them about it.<\/p>\n","protected":false},"excerpt":{"rendered":"<p>Mieux comprendre la sant\u00e9 mentale, des rep\u00e8res pour agir. Guide pratique sur la sant\u00e9 mentale pour les personnes en situation de pr\u00e9carit\u00e9 ou de migration en fran\u00e7ais, anglais, arabe, albanais, bengali. &nbsp; Il y a des formations en francais autour &hellip; <a href=\"https:\/\/radicalresilience.noblogs.org\/fr\/interesting-events\/\">Continuer la lecture <span class=\"meta-nav\">&rarr;<\/span><\/a><\/p>\n","protected":false},"author":9790,"featured_media":0,"parent":0,"menu_order":0,"comment_status":"closed","ping_status":"closed","template":"","meta":{"_locale":"fr_FR","_original_post":"558","footnotes":""},"class_list":["post-626","page","type-page","status-publish","hentry","fr-FR"],"_links":{"self":[{"href":"https:\/\/radicalresilience.noblogs.org\/wp-json\/wp\/v2\/pages\/626","targetHints":{"allow":["GET"]}}],"collection":[{"href":"https:\/\/radicalresilience.noblogs.org\/wp-json\/wp\/v2\/pages"}],"about":[{"href":"https:\/\/radicalresilience.noblogs.org\/wp-json\/wp\/v2\/types\/page"}],"author":[{"embeddable":true,"href":"https:\/\/radicalresilience.noblogs.org\/wp-json\/wp\/v2\/users\/9790"}],"replies":[{"embeddable":true,"href":"https:\/\/radicalresilience.noblogs.org\/wp-json\/wp\/v2\/comments?post=626"}],"version-history":[{"count":3,"href":"https:\/\/radicalresilience.noblogs.org\/wp-json\/wp\/v2\/pages\/626\/revisions"}],"predecessor-version":[{"id":761,"href":"https:\/\/radicalresilience.noblogs.org\/wp-json\/wp\/v2\/pages\/626\/revisions\/761"}],"wp:attachment":[{"href":"https:\/\/radicalresilience.noblogs.org\/wp-json\/wp\/v2\/media?parent=626"}],"curies":[{"name":"wp","href":"https:\/\/api.w.org\/{rel}","templated":true}]}}