{"id":600,"date":"2020-06-14T17:31:12","date_gmt":"2020-06-14T15:31:12","guid":{"rendered":"https:\/\/radicalresilience.noblogs.org\/?page_id=600"},"modified":"2023-11-12T11:53:31","modified_gmt":"2023-11-12T10:53:31","slug":"contact","status":"publish","type":"page","link":"https:\/\/radicalresilience.noblogs.org\/fr\/contact\/","title":{"rendered":"Contact"},"content":{"rendered":"<p>N\u2019h\u00e9sitez pas \u00e0 nous \u00e9crire, si vous voulez organiser une pr\u00e9sentation. Nous nous r\u00e9jouissons d\u2019avoir des retours ou des id\u00e9es de votre part. Les dons sont \u00e9galement tr\u00e8s bienvenus. Envoyez-nous simplement un e-mail \u00e0 l\u2019adresse\u00a0:<\/p>\n<p>radicalresilience (at) riseup (point) net<\/p>\n<ul>\n<li>Suis-nous sur Mastodon: <a href=\"https:\/\/todon.nl\/@radicalresilience\" target=\"_blank\" rel=\"noopener noreferrer\"><small>@radicalresilience@todon.nl<\/small><\/a><\/li>\n<li>ou sur Twitter : <a href=\"https:\/\/twitter.com\/radresfilm\" target=\"_blank\" rel=\"noopener noreferrer\">@radresfilm<\/a><\/li>\n<li><a href=\"https:\/\/lists.riseup.net\/www\/subscribe\/radicalresiliencefilm\" target=\"_blank\" rel=\"noopener noreferrer\">ou encore abonne-toi \u00e0 notre mailing-list<\/a><\/li>\n<\/ul>\n","protected":false},"excerpt":{"rendered":"<p>N\u2019h\u00e9sitez pas \u00e0 nous \u00e9crire, si vous voulez organiser une pr\u00e9sentation. Nous nous r\u00e9jouissons d\u2019avoir des retours ou des id\u00e9es de votre part. Les dons sont \u00e9galement tr\u00e8s bienvenus. Envoyez-nous simplement un e-mail \u00e0 l\u2019adresse\u00a0: radicalresilience (at) riseup (point) net &hellip; <a href=\"https:\/\/radicalresilience.noblogs.org\/fr\/contact\/\">Continuer la lecture <span class=\"meta-nav\">&rarr;<\/span><\/a><\/p>\n","protected":false},"author":9790,"featured_media":0,"parent":0,"menu_order":4,"comment_status":"closed","ping_status":"open","template":"","meta":{"_locale":"fr_FR","_original_post":"2","footnotes":""},"class_list":["post-600","page","type-page","status-publish","hentry","fr-FR"],"_links":{"self":[{"href":"https:\/\/radicalresilience.noblogs.org\/wp-json\/wp\/v2\/pages\/600","targetHints":{"allow":["GET"]}}],"collection":[{"href":"https:\/\/radicalresilience.noblogs.org\/wp-json\/wp\/v2\/pages"}],"about":[{"href":"https:\/\/radicalresilience.noblogs.org\/wp-json\/wp\/v2\/types\/page"}],"author":[{"embeddable":true,"href":"https:\/\/radicalresilience.noblogs.org\/wp-json\/wp\/v2\/users\/9790"}],"replies":[{"embeddable":true,"href":"https:\/\/radicalresilience.noblogs.org\/wp-json\/wp\/v2\/comments?post=600"}],"version-history":[{"count":3,"href":"https:\/\/radicalresilience.noblogs.org\/wp-json\/wp\/v2\/pages\/600\/revisions"}],"predecessor-version":[{"id":1005,"href":"https:\/\/radicalresilience.noblogs.org\/wp-json\/wp\/v2\/pages\/600\/revisions\/1005"}],"wp:attachment":[{"href":"https:\/\/radicalresilience.noblogs.org\/wp-json\/wp\/v2\/media?parent=600"}],"curies":[{"name":"wp","href":"https:\/\/api.w.org\/{rel}","templated":true}]}}