{"id":597,"date":"2020-06-14T17:27:29","date_gmt":"2020-06-14T15:27:29","guid":{"rendered":"https:\/\/radicalresilience.noblogs.org\/?page_id=597"},"modified":"2025-08-15T21:33:48","modified_gmt":"2025-08-15T19:33:48","slug":"donate-to-support-our-project","status":"publish","type":"page","link":"https:\/\/radicalresilience.noblogs.org\/fr\/donate-to-support-our-project\/","title":{"rendered":"Soutenez notre projet!"},"content":{"rendered":"<p>Nous aimerions bien continuer ce projet et avons d\u00e9j\u00e0 des id\u00e9es pour d\u2019autres films. Nous voudrions entre autre approfondir quelques th\u00e9matiques qui sont th\u00e9matis\u00e9es dans le film. Nous avons encore beaucoup de mat\u00e9riaux passionnants que nous aimerions publier par exemple en tant qu\u2019entretien individuel. Pour le moment nous sommes tr\u00e8s occup\u00e9-e-x-s \u00e0 l\u2019organisation de la diffusion de Radical Resilience et \u00e0 l\u2019\u00e9laboration d\u2019un workshop qui s\u2019y r\u00e9f\u00e8re.<\/p>\n<p>Nous aimerions que notre film puisse \u00eatre vu par tou-te-x-s, ind\u00e9pendamment de l\u2019argent. Mais nous ne pouvons bientot plus vivre de l\u2019occupation\/squat et en raison de maladie chronique il est devenu difficile d\u2019avoir un travail salari\u00e9. L\u2019\u00e9nergie ne suffit pas pour ces deux choses. Donc nous nous r\u00e9jouissons si vous pouvez faire un don.<\/p>\n<p>radicalresilience@riseup.net<\/p>\n<p><a href=\"https:\/\/www.paypal.com\/donate?hosted_button_id=CV56FANF8WTE2\" target=\"_blank\" rel=\"noopener noreferrer\">Paypal<\/a><\/p>\n<p>MERCI\u00a0!<\/p>\n","protected":false},"excerpt":{"rendered":"<p>Nous aimerions bien continuer ce projet et avons d\u00e9j\u00e0 des id\u00e9es pour d\u2019autres films. Nous voudrions entre autre approfondir quelques th\u00e9matiques qui sont th\u00e9matis\u00e9es dans le film. Nous avons encore beaucoup de mat\u00e9riaux passionnants que nous aimerions publier par exemple &hellip; <a href=\"https:\/\/radicalresilience.noblogs.org\/fr\/donate-to-support-our-project\/\">Continuer la lecture <span class=\"meta-nav\">&rarr;<\/span><\/a><\/p>\n","protected":false},"author":9790,"featured_media":0,"parent":0,"menu_order":0,"comment_status":"closed","ping_status":"closed","template":"","meta":{"_locale":"fr_FR","_original_post":"336","footnotes":""},"class_list":["post-597","page","type-page","status-publish","hentry","fr-FR"],"_links":{"self":[{"href":"https:\/\/radicalresilience.noblogs.org\/wp-json\/wp\/v2\/pages\/597","targetHints":{"allow":["GET"]}}],"collection":[{"href":"https:\/\/radicalresilience.noblogs.org\/wp-json\/wp\/v2\/pages"}],"about":[{"href":"https:\/\/radicalresilience.noblogs.org\/wp-json\/wp\/v2\/types\/page"}],"author":[{"embeddable":true,"href":"https:\/\/radicalresilience.noblogs.org\/wp-json\/wp\/v2\/users\/9790"}],"replies":[{"embeddable":true,"href":"https:\/\/radicalresilience.noblogs.org\/wp-json\/wp\/v2\/comments?post=597"}],"version-history":[{"count":8,"href":"https:\/\/radicalresilience.noblogs.org\/wp-json\/wp\/v2\/pages\/597\/revisions"}],"predecessor-version":[{"id":1034,"href":"https:\/\/radicalresilience.noblogs.org\/wp-json\/wp\/v2\/pages\/597\/revisions\/1034"}],"wp:attachment":[{"href":"https:\/\/radicalresilience.noblogs.org\/wp-json\/wp\/v2\/media?parent=597"}],"curies":[{"name":"wp","href":"https:\/\/api.w.org\/{rel}","templated":true}]}}