{"id":948,"date":"2023-05-25T10:02:10","date_gmt":"2023-05-25T08:02:10","guid":{"rendered":"https:\/\/radicalresilience.noblogs.org\/?page_id=948"},"modified":"2023-05-25T10:09:33","modified_gmt":"2023-05-25T08:09:33","slug":"wir-bieten-workshops-an","status":"publish","type":"page","link":"https:\/\/radicalresilience.noblogs.org\/de\/wir-bieten-workshops-an\/","title":{"rendered":"Workshops"},"content":{"rendered":"<p>Wir bieten Workshops und Vortr\u00e4ge zu verschiedenen Themen an. Unten sind m\u00f6gliche Angebote, die wir auch an eure Bed\u00fcrfnisse anpassen k\u00f6nnen. <a href=\"https:\/\/radicalresilience.noblogs.org\/de\/contact\/\">Schreibt uns gerne an!<\/a><\/p>\n<p>Radical Resilience: Politisch aktiv sein ohne auszubrennen (Filmvorf\u00fchrung und Diskussion, oder l\u00e4ngerer Workshop).<\/p>\n<p>Einf\u00fchrung Ableismus (Vortrag mit interaktiven Elementen und Diskussion)<\/p>\n<p>Zug\u00e4ngliche und inklusive Gruppen aufbauen (Vortrag und Diskussion \/ Gruppenarbeit)<\/p>\n<p>Resilienz und Behinderung: Zusammenh\u00e4nge, Konzepte aus Behinderungsaktivismus<\/p>\n","protected":false},"excerpt":{"rendered":"<p>Wir bieten Workshops und Vortr\u00e4ge zu verschiedenen Themen an. Unten sind m\u00f6gliche Angebote, die wir auch an eure Bed\u00fcrfnisse anpassen k\u00f6nnen. Schreibt uns gerne an! Radical Resilience: Politisch aktiv sein ohne auszubrennen (Filmvorf\u00fchrung und Diskussion, oder l\u00e4ngerer Workshop). Einf\u00fchrung Ableismus &hellip; <a href=\"https:\/\/radicalresilience.noblogs.org\/de\/wir-bieten-workshops-an\/\">Weiterlesen <span class=\"meta-nav\">&rarr;<\/span><\/a><\/p>\n","protected":false},"author":9790,"featured_media":0,"parent":0,"menu_order":0,"comment_status":"closed","ping_status":"closed","template":"","meta":{"_locale":"de_DE","_original_post":"https:\/\/radicalresilience.noblogs.org\/?page_id=945","footnotes":""},"class_list":["post-948","page","type-page","status-publish","hentry","de-DE"],"_links":{"self":[{"href":"https:\/\/radicalresilience.noblogs.org\/wp-json\/wp\/v2\/pages\/948","targetHints":{"allow":["GET"]}}],"collection":[{"href":"https:\/\/radicalresilience.noblogs.org\/wp-json\/wp\/v2\/pages"}],"about":[{"href":"https:\/\/radicalresilience.noblogs.org\/wp-json\/wp\/v2\/types\/page"}],"author":[{"embeddable":true,"href":"https:\/\/radicalresilience.noblogs.org\/wp-json\/wp\/v2\/users\/9790"}],"replies":[{"embeddable":true,"href":"https:\/\/radicalresilience.noblogs.org\/wp-json\/wp\/v2\/comments?post=948"}],"version-history":[{"count":4,"href":"https:\/\/radicalresilience.noblogs.org\/wp-json\/wp\/v2\/pages\/948\/revisions"}],"predecessor-version":[{"id":966,"href":"https:\/\/radicalresilience.noblogs.org\/wp-json\/wp\/v2\/pages\/948\/revisions\/966"}],"wp:attachment":[{"href":"https:\/\/radicalresilience.noblogs.org\/wp-json\/wp\/v2\/media?parent=948"}],"curies":[{"name":"wp","href":"https:\/\/api.w.org\/{rel}","templated":true}]}}