{"id":874,"date":"2023-01-19T15:15:14","date_gmt":"2023-01-19T14:15:14","guid":{"rendered":"https:\/\/radicalresilience.noblogs.org\/?page_id=874"},"modified":"2025-10-04T11:33:12","modified_gmt":"2025-10-04T09:33:12","slug":"radical-resilience-ansehen","status":"publish","type":"page","link":"https:\/\/radicalresilience.noblogs.org\/de\/radical-resilience-ansehen\/","title":{"rendered":"Radical Resilience ansehen!"},"content":{"rendered":"<p>Hier findet ihr die Links um Radical Resilience anzugucken \ud83d\ude42<\/p>\n<h2><strong>Inhalte auf diese Seite:<\/strong><\/h2>\n<ul>\n<li><a href=\"#info\">Information zum Film und Ideen wie ihr ihn benutzen k\u00f6nnt<\/a><\/li>\n<li><a href=\"#filmlinks\">Links zum Film (PeerTube, Vimeo, oder YouTube)<\/a><\/li>\n<li><a href=\"#fragen\">Frageideen f\u00fcr Diskussion nach dem Film<\/a><\/li>\n<li><a href=\"#audiodeskription\">Radical Resilience mit Audiodeskription<\/a><\/li>\n<li><a href=\"#dgs\">Radical Resilience mit Verdolmetschung in Deutsche Geb\u00e4rdensprache<\/a><\/li>\n<\/ul>\n<p><a id=\"info\"><\/a> Wir finden es nach wie vor gut wenn ihr den Film zusammen mit euren Bezugsgruppen, in euren Hausprojekten, euren Politgruppen, Organisationen, Vereinen oder mit Freund*innen schaut und euch danach dar\u00fcber austauscht was der Film bei euch ausgel\u00f6st oder angesprocchen hat. Dass so viele von uns ausbrennen ist n\u00e4mlich kein individuelles sondern ein strukturelles Problem, das heisst wenn wir L\u00f6sungen finden wollen sollten wir das vor allem gemeinsam tun!<\/p>\n<p>Als wir mit dem Film anfingen war es uns ein Anliegen Tabus zu brechen und R\u00e4ume zu \u00f6ffnen um \u00fcber Burnout und Trauma zu reden. Die Erfahrungen die wir durch solche Diskussionen gesammelt haben haben uns gezeigt, dass in dem Teilen unserer Verletzlichkeiten und dem gemeinsamen Suchen nach L\u00f6sungen sehr viel Kraft liegt.<\/p>\n<p>Hier k\u00f6nnt ihr Fragen finden, die wir benutzt haben um Diskussionen nach dem Film zu moderieren. Benutzt sie gerne und passt sie so an wie ihr sie braucht.<\/p>\n<p>Wir moderieren auch Workshops (online oder in Pr\u00e4senz) oder Diskussionen \u00fcber die Themen des Filmes. Kontaktiert uns auf radicalresilience [at] riseup.net wenn ihr Interesse habt.<\/p>\n<p>Wir freuen uns wenn ihr uns mit einer Spende unterst\u00fctzen wollt und k\u00f6nnt, das hilft uns mit unserer Arbeit weiterzumachen. Grade arbeiten wir an einem Film \u00fcber Behinderung, chronische Krankheit und politisch sein. <a href=\"https:\/\/radicalresilience.noblogs.org\/de\/donate-to-support-our-project\/\" target=\"_blank\" rel=\"noopener\">Hier gibts mehr Info zum spenden.<\/a><\/p>\n<p>Wenn ihr euch erstmal den Trailer ansehen wollt, <a href=\"https:\/\/radicalresilience.noblogs.org\/de\/about\/trailer\/\">der ist hier.<\/a><\/p>\n<p>Ihr k\u00f6nnt den Film auf Vimeo, kolektiva.media (peerTube) oder Youtube gucken. Es gibt Untertitel auf englisch, deutsch, franz\u00f6sisch, polnisch und spanisch. Im Film selber werden viele verschiedene Sprachen gesprochen, also vergesst nicht die Untertitel anzumachen. Wenn ihr den Film mit mehreren Untertiteln gleichzeitig anschauen wollt, m\u00fcsst ihr den Film runterladen. Schreibt uns ne Email dann schicken wir euch den Link.<\/p>\n<h2 id=\"filmlinks\"><strong>Links<\/strong><\/h2>\n<p>Auf Youtube:<\/p>\n<p><a href=\"https:\/\/youtu.be\/buD9k65LsrY\" target=\"_blank\" rel=\"noopener\">https:\/\/www.youtube.com\/buD9k65LsrY\u00a0<\/a><\/p>\n<p>Auf peertube:<\/p>\n<p><a href=\"https:\/\/kolektiva.media\/w\/xpF13BJwE6UYDK6Vg2XHjp?subtitle=de\" target=\"_blank\" rel=\"noopener\">https:\/\/kolektiva.media\/w\/xpF13BJwE6UYDK6Vg2XHjp?subtitle=de<\/a><\/p>\n<p><strong>Untertiteldateien:<\/strong> <a href=\"https:\/\/radicalresilience.noblogs.org\/files\/2024\/04\/RadResFrancais.srt\">French<\/a> <a href=\"https:\/\/radicalresilience.noblogs.org\/files\/2024\/04\/radicalresiliencePL.srt\">Polish<\/a> <a href=\"https:\/\/radicalresilience.noblogs.org\/files\/2024\/04\/RadicalResilienceENfull.srt\">English<\/a> <a href=\"https:\/\/radicalresilience.noblogs.org\/files\/2024\/04\/radicalresilienceDEalles.srt\">German<\/a> <a href=\"https:\/\/radicalresilience.noblogs.org\/files\/2024\/04\/radical-resilience_ESP_1080p.srt\">Spanish<\/a><\/p>\n<p>&nbsp;<\/p>\n<h2 id=\"fragen\"><strong>Fragen f\u00fcr Diskussionen:<\/strong><\/h2>\n<p>1. Was erkennt ihr vom Film an euch und euren Gruppen wieder? Was l\u00f6st er bei euch aus?<\/p>\n<p>2. Was unterst\u00fctzt euch pers\u00f6nlich resilient\/widerstandsf\u00e4hig zu sein? Wie unterst\u00fctzt euch die Gruppenkultur bzw was macht ihr gemeinsam um resilienter zu sein?<\/p>\n<p>3. Was k\u00f6nnte noch verbessert werden? Was w\u00fcrdet ihr euch w\u00fcnschen? Was br\u00e4uchtet ihr? Was k\u00f6nntet ihr gemeinsam aufbauen?<\/p>\n<p>4. Was sind die n\u00e4chsten Schritte dahin?<\/p>\n<p>&nbsp;<\/p>\n<h2 id=\"audiodeskription\"><strong>Radical Resilience mit Audiodeskription:<\/strong><\/h2>\n<p><iframe loading=\"lazy\" title=\"Radical Resilience mit Audiodeskription\" width=\"640\" height=\"360\" src=\"https:\/\/www.youtube.com\/embed\/Ws9k2t7gdHw?feature=oembed\" frameborder=\"0\" allow=\"accelerometer; autoplay; clipboard-write; encrypted-media; gyroscope; picture-in-picture; web-share\" referrerpolicy=\"strict-origin-when-cross-origin\" allowfullscreen><\/iframe><\/p>\n<p><iframe loading=\"lazy\" title=\"Radical Resilience Audiodeskription by Wildweedsmedia\" width=\"640\" height=\"400\" scrolling=\"no\" frameborder=\"no\" src=\"https:\/\/w.soundcloud.com\/player\/?visual=true&#038;url=https%3A%2F%2Fapi.soundcloud.com%2Ftracks%2F1651822359&#038;show_artwork=true&#038;maxheight=960&#038;maxwidth=640\"><\/iframe><\/p>\n<p>&nbsp;<\/p>\n<h2 id=\"dgs\"><strong>Radical Resilience mit Verdolmetschung in Deutsche Geb\u00e4rdensprache:<\/strong><\/h2>\n<p><iframe loading=\"lazy\" title=\"Radical Resilience mit Verdolmetschung in Deutsche Geb\u00e4rdensprache\" width=\"640\" height=\"360\" src=\"https:\/\/www.youtube.com\/embed\/bxqA94zlszQ?feature=oembed\" frameborder=\"0\" allow=\"accelerometer; autoplay; clipboard-write; encrypted-media; gyroscope; picture-in-picture; web-share\" referrerpolicy=\"strict-origin-when-cross-origin\" allowfullscreen><\/iframe><\/p>\n","protected":false},"excerpt":{"rendered":"<p>Hier findet ihr die Links um Radical Resilience anzugucken \ud83d\ude42 Inhalte auf diese Seite: Information zum Film und Ideen wie ihr ihn benutzen k\u00f6nnt Links zum Film (PeerTube, Vimeo, oder YouTube) Frageideen f\u00fcr Diskussion nach dem Film Radical Resilience mit &hellip; <a href=\"https:\/\/radicalresilience.noblogs.org\/de\/radical-resilience-ansehen\/\">Weiterlesen <span class=\"meta-nav\">&rarr;<\/span><\/a><\/p>\n","protected":false},"author":9790,"featured_media":0,"parent":0,"menu_order":0,"comment_status":"closed","ping_status":"closed","template":"","meta":{"_locale":"de_DE","_original_post":"https:\/\/radicalresilience.noblogs.org\/?page_id=874","footnotes":""},"class_list":["post-874","page","type-page","status-publish","hentry","de-DE"],"_links":{"self":[{"href":"https:\/\/radicalresilience.noblogs.org\/wp-json\/wp\/v2\/pages\/874","targetHints":{"allow":["GET"]}}],"collection":[{"href":"https:\/\/radicalresilience.noblogs.org\/wp-json\/wp\/v2\/pages"}],"about":[{"href":"https:\/\/radicalresilience.noblogs.org\/wp-json\/wp\/v2\/types\/page"}],"author":[{"embeddable":true,"href":"https:\/\/radicalresilience.noblogs.org\/wp-json\/wp\/v2\/users\/9790"}],"replies":[{"embeddable":true,"href":"https:\/\/radicalresilience.noblogs.org\/wp-json\/wp\/v2\/comments?post=874"}],"version-history":[{"count":18,"href":"https:\/\/radicalresilience.noblogs.org\/wp-json\/wp\/v2\/pages\/874\/revisions"}],"predecessor-version":[{"id":1037,"href":"https:\/\/radicalresilience.noblogs.org\/wp-json\/wp\/v2\/pages\/874\/revisions\/1037"}],"wp:attachment":[{"href":"https:\/\/radicalresilience.noblogs.org\/wp-json\/wp\/v2\/media?parent=874"}],"curies":[{"name":"wp","href":"https:\/\/api.w.org\/{rel}","templated":true}]}}