{"id":468,"date":"2020-04-14T18:06:55","date_gmt":"2020-04-14T16:06:55","guid":{"rendered":"https:\/\/radicalresilience.noblogs.org\/?page_id=468"},"modified":"2025-08-15T21:31:36","modified_gmt":"2025-08-15T19:31:36","slug":"donate-to-support-our-project","status":"publish","type":"page","link":"https:\/\/radicalresilience.noblogs.org\/de\/donate-to-support-our-project\/","title":{"rendered":"Spendet um unser Projekt zu unterst\u00fctzen!"},"content":{"rendered":"<p>Wir haben mit der Arbeit an unserem n\u00e4chsten Film \u00fcber Behinderung\/chronische Krankheit und politisch sein begonnen!<br \/>\nWir haben schon tolle Interviews gef\u00fchrt und viel Spannendes gefilmt. Bald k\u00f6nnen wir die Filmarbeiten abschliessen und mit dem Schnitt anfangen \ud83d\ude42 <\/p>\n<p>Wir geben auch noch Workshops \u00fcber Resilienz und Ableismus.<\/p>\n<p>Es ist uns wichtig, dass alle unsere Filme sehen und unsere Workshops besuchen k\u00f6nnen, unabh\u00e4ngig vom Geld, wenn ihr uns durch Spenden unterst\u00fctzen wollt, freuen wir uns sehr!<\/p>\n<p>&nbsp;<\/p>\n<p>Aus L\u00e4ndern mit Euro per <a href=\"https:\/\/www.paypal.com\/donate\/?hosted_button_id=CV56FANF8WTE2\" target=\"_blank\" rel=\"noopener noreferrer\">Paypal (EUR)<\/a><br \/>\noder schreibe uns f\u00fcr die Bankverbindung<\/p>\n<p>Aus L\u00e4ndern mit Pound schreibe uns f\u00fcr die Bankverbindung<\/p>\n<p>radicalresilience@riseup.net<\/p>\n<p>DANKE!<\/p>\n<p>&nbsp;<\/p>\n","protected":false},"excerpt":{"rendered":"<p>Wir haben mit der Arbeit an unserem n\u00e4chsten Film \u00fcber Behinderung\/chronische Krankheit und politisch sein begonnen! Wir haben schon tolle Interviews gef\u00fchrt und viel Spannendes gefilmt. Bald k\u00f6nnen wir die Filmarbeiten abschliessen und mit dem Schnitt anfangen \ud83d\ude42 Wir geben &hellip; <a href=\"https:\/\/radicalresilience.noblogs.org\/de\/donate-to-support-our-project\/\">Weiterlesen <span class=\"meta-nav\">&rarr;<\/span><\/a><\/p>\n","protected":false},"author":9790,"featured_media":0,"parent":0,"menu_order":0,"comment_status":"closed","ping_status":"closed","template":"","meta":{"_locale":"de_DE","_original_post":"336","footnotes":""},"class_list":["post-468","page","type-page","status-publish","hentry","de-DE"],"_links":{"self":[{"href":"https:\/\/radicalresilience.noblogs.org\/wp-json\/wp\/v2\/pages\/468","targetHints":{"allow":["GET"]}}],"collection":[{"href":"https:\/\/radicalresilience.noblogs.org\/wp-json\/wp\/v2\/pages"}],"about":[{"href":"https:\/\/radicalresilience.noblogs.org\/wp-json\/wp\/v2\/types\/page"}],"author":[{"embeddable":true,"href":"https:\/\/radicalresilience.noblogs.org\/wp-json\/wp\/v2\/users\/9790"}],"replies":[{"embeddable":true,"href":"https:\/\/radicalresilience.noblogs.org\/wp-json\/wp\/v2\/comments?post=468"}],"version-history":[{"count":9,"href":"https:\/\/radicalresilience.noblogs.org\/wp-json\/wp\/v2\/pages\/468\/revisions"}],"predecessor-version":[{"id":1030,"href":"https:\/\/radicalresilience.noblogs.org\/wp-json\/wp\/v2\/pages\/468\/revisions\/1030"}],"wp:attachment":[{"href":"https:\/\/radicalresilience.noblogs.org\/wp-json\/wp\/v2\/media?parent=468"}],"curies":[{"name":"wp","href":"https:\/\/api.w.org\/{rel}","templated":true}]}}