{"id":310,"date":"2020-03-07T21:50:08","date_gmt":"2020-03-07T20:50:08","guid":{"rendered":"https:\/\/radicalresilience.noblogs.org\/?page_id=310"},"modified":"2021-02-03T09:44:47","modified_gmt":"2021-02-03T08:44:47","slug":"trailer","status":"publish","type":"page","link":"https:\/\/radicalresilience.noblogs.org\/de\/about\/trailer\/","title":{"rendered":"Trailer"},"content":{"rendered":"<p>Hier ist der Trailer f\u00fcr Radical Resilience! Bis jetzt haben wir Untertitel auf englisch, deutsch und franz\u00f6sisch.<\/p>\n<p>Ihr k\u00f6nnt ihn entweder auf PeerTube (nicht getrackt durch Google):<\/p>\n<p><iframe loading=\"lazy\" class=\"wp-embedded-content\" sandbox=\"allow-scripts\" security=\"restricted\" title=\"Radical Resilience Trailer\" width=\"560\" height=\"315\" src=\"https:\/\/kolektiva.media\/videos\/embed\/4a9b3ab9-67f1-406f-8b28-45c4e0ac16ba#?secret=8bL74RCGYL\" data-secret=\"8bL74RCGYL\" frameborder=\"0\"><\/iframe><\/p>\n<p>oder Youtube (von Google getrackt, wie bei alle Google-Webseiten) ansehen:<\/p>\n<p><iframe loading=\"lazy\" title=\"Radical Resilience Trailer\" width=\"640\" height=\"360\" src=\"https:\/\/www.youtube.com\/embed\/U1vhZVvy8Cw?feature=oembed\" frameborder=\"0\" allow=\"accelerometer; autoplay; clipboard-write; encrypted-media; gyroscope; picture-in-picture; web-share\" referrerpolicy=\"strict-origin-when-cross-origin\" allowfullscreen><\/iframe><\/p>\n","protected":false},"excerpt":{"rendered":"<p>Hier ist der Trailer f\u00fcr Radical Resilience! Bis jetzt haben wir Untertitel auf englisch, deutsch und franz\u00f6sisch. Ihr k\u00f6nnt ihn entweder auf PeerTube (nicht getrackt durch Google): oder Youtube (von Google getrackt, wie bei alle Google-Webseiten) ansehen:<\/p>\n","protected":false},"author":9790,"featured_media":0,"parent":303,"menu_order":0,"comment_status":"closed","ping_status":"closed","template":"","meta":{"_locale":"de_DE","_original_post":"197","footnotes":""},"class_list":["post-310","page","type-page","status-publish","hentry","de-DE"],"_links":{"self":[{"href":"https:\/\/radicalresilience.noblogs.org\/wp-json\/wp\/v2\/pages\/310","targetHints":{"allow":["GET"]}}],"collection":[{"href":"https:\/\/radicalresilience.noblogs.org\/wp-json\/wp\/v2\/pages"}],"about":[{"href":"https:\/\/radicalresilience.noblogs.org\/wp-json\/wp\/v2\/types\/page"}],"author":[{"embeddable":true,"href":"https:\/\/radicalresilience.noblogs.org\/wp-json\/wp\/v2\/users\/9790"}],"replies":[{"embeddable":true,"href":"https:\/\/radicalresilience.noblogs.org\/wp-json\/wp\/v2\/comments?post=310"}],"version-history":[{"count":6,"href":"https:\/\/radicalresilience.noblogs.org\/wp-json\/wp\/v2\/pages\/310\/revisions"}],"predecessor-version":[{"id":698,"href":"https:\/\/radicalresilience.noblogs.org\/wp-json\/wp\/v2\/pages\/310\/revisions\/698"}],"up":[{"embeddable":true,"href":"https:\/\/radicalresilience.noblogs.org\/wp-json\/wp\/v2\/pages\/303"}],"wp:attachment":[{"href":"https:\/\/radicalresilience.noblogs.org\/wp-json\/wp\/v2\/media?parent=310"}],"curies":[{"name":"wp","href":"https:\/\/api.w.org\/{rel}","templated":true}]}}