{"id":303,"date":"2020-03-07T21:37:42","date_gmt":"2020-03-07T20:37:42","guid":{"rendered":"https:\/\/radicalresilience.noblogs.org\/?page_id=303"},"modified":"2023-05-14T13:06:53","modified_gmt":"2023-05-14T11:06:53","slug":"about","status":"publish","type":"page","link":"https:\/\/radicalresilience.noblogs.org\/de\/about\/","title":{"rendered":"\u00dcber den Film"},"content":{"rendered":"<p><a href=\"https:\/\/radicalresilience.noblogs.org\/de\/radical-resilience-ansehen\/\">Schaut den Film!<\/a> &#8212; <a href=\"https:\/\/radicalresilience.noblogs.org\/de\/about\/trailer\/\">Trailer<\/a>\u00a0 &#8212; <a href=\"https:\/\/radicalresilience.noblogs.org\/de\/people-in-the-film\/\">Die Menschen im Film<\/a>\u00a0 &#8212;\u00a0 <a href=\"https:\/\/radicalresilience.noblogs.org\/de\/music-in-the-film\/\">Die Musik im Film<\/a><\/p>\n<p>Radical Resilience ist ein Filmprojekt f\u00fcr alle die sich in sozialen oder Umweltbewegungen engagieren.<br \/>\nDas Muster scheint in vielen Bewegungen\/K\u00e4mpfen das selbe zu sein: Menschen sind von Situationen \u00fcberfordert und\/oder muten sich \u00fcber l\u00e4ngere Zeitr\u00e4ume zu viel zu. Die Folgen sind Traumata oder Burnout, und in Folge dessen oftmals ein R\u00fcckzug vom politischen Aktivismus. Der menschliche Verlust, aber auch der Verlust an Wissen und Erfahrung, schw\u00e4cht die Bewegungen. Wieso verlassen so viele Menschen unsere Bewegungen? Welche pers\u00f6nlichen Faktoren tragen dazu bei, und was ist unseren Gruppendynamiken geschuldet? Wie wiederholen wir Mechanismen der Gesellschaft die wir ver\u00e4ndern wollen in unseren politischen Gruppen? Was kann uns helfen widerstandsf\u00e4higer zu werden? Wie k\u00f6nnen wir diversere Bewegungen aufbauen und tiefergehenden Wandel bewirken?<\/p>\n<p>Im Film sprechen Menschen aus verschiedenen Kontexten \u00fcber ihre Erfahrungen mit Burnout, wie es sich angef\u00fchlt hat, was die Ursachen waren, und was wir als Individuum und als Gruppe tun k\u00f6nnen, um zu heilen oder vorzubeugen.<\/p>\n<p>Wegen chronischer Krankheit, hat sich alles verlangsamt, aber: der Film ist jetzt fertig!!<\/p>\n<p>Auf der Kontaktseite findet ihr unsere Email Addresse, falls ihr z.B. eine Filmvorf\u00fchrung organisieren m\u00f6chtet.<\/p>\n<p>Bis jetzt haben wir Untertitel auf englisch, deutsch, polnisch und franz\u00f6sisch, spanisch sind in Arbeit, sagt gern Bescheid wenn ihr die \u00dcbersetzer*innen unterst\u00fctzen wollt oder noch in weitere Sprachen \u00fcbersetzen m\u00f6chtet.<\/p>\n<p>&nbsp;<\/p>\n","protected":false},"excerpt":{"rendered":"<p>Schaut den Film! &#8212; Trailer\u00a0 &#8212; Die Menschen im Film\u00a0 &#8212;\u00a0 Die Musik im Film Radical Resilience ist ein Filmprojekt f\u00fcr alle die sich in sozialen oder Umweltbewegungen engagieren. Das Muster scheint in vielen Bewegungen\/K\u00e4mpfen das selbe zu sein: Menschen &hellip; <a href=\"https:\/\/radicalresilience.noblogs.org\/de\/about\/\">Weiterlesen <span class=\"meta-nav\">&rarr;<\/span><\/a><\/p>\n","protected":false},"author":9790,"featured_media":0,"parent":0,"menu_order":0,"comment_status":"open","ping_status":"closed","template":"","meta":{"_locale":"de_DE","_original_post":"33","footnotes":""},"class_list":["post-303","page","type-page","status-publish","hentry","de-DE"],"_links":{"self":[{"href":"https:\/\/radicalresilience.noblogs.org\/wp-json\/wp\/v2\/pages\/303","targetHints":{"allow":["GET"]}}],"collection":[{"href":"https:\/\/radicalresilience.noblogs.org\/wp-json\/wp\/v2\/pages"}],"about":[{"href":"https:\/\/radicalresilience.noblogs.org\/wp-json\/wp\/v2\/types\/page"}],"author":[{"embeddable":true,"href":"https:\/\/radicalresilience.noblogs.org\/wp-json\/wp\/v2\/users\/9790"}],"replies":[{"embeddable":true,"href":"https:\/\/radicalresilience.noblogs.org\/wp-json\/wp\/v2\/comments?post=303"}],"version-history":[{"count":12,"href":"https:\/\/radicalresilience.noblogs.org\/wp-json\/wp\/v2\/pages\/303\/revisions"}],"predecessor-version":[{"id":953,"href":"https:\/\/radicalresilience.noblogs.org\/wp-json\/wp\/v2\/pages\/303\/revisions\/953"}],"wp:attachment":[{"href":"https:\/\/radicalresilience.noblogs.org\/wp-json\/wp\/v2\/media?parent=303"}],"curies":[{"name":"wp","href":"https:\/\/api.w.org\/{rel}","templated":true}]}}