{"id":288,"date":"2020-03-07T21:03:37","date_gmt":"2020-03-07T20:03:37","guid":{"rendered":"https:\/\/radicalresilience.noblogs.org\/?page_id=288"},"modified":"2022-04-29T19:55:46","modified_gmt":"2022-04-29T17:55:46","slug":"interesting-links","status":"publish","type":"page","link":"https:\/\/radicalresilience.noblogs.org\/de\/interesting-links\/","title":{"rendered":"Interessante Links"},"content":{"rendered":"<p><strong><a href=\"https:\/\/radicalresilience.noblogs.org\/interesting-links\/\">English<\/a>\u00a0 <\/strong><\/p>\n<p><a href=\"https:\/\/radicalresilience.noblogs.org\/fr\/interesting-links\/\"><strong>Francais<\/strong><\/a><\/p>\n<p><a href=\"https:\/\/radicalresilience.noblogs.org\/de\/interesujace-linki\/\"><strong>Polski<\/strong><\/a><\/p>\n<h3 id=\"deutsch\"><strong>Deutsch<\/strong><\/h3>\n<p><a href=\"https:\/\/outofaction.blackblogs.org\/\" target=\"_blank\" rel=\"noopener noreferrer\">Out of Action<\/a> &#8211; emotionale erste Hilfe<\/p>\n<p><a href=\"https:\/\/nachhaltigeraktivismus.org\" target=\"_blank\" rel=\"noopener noreferrer\">Politisch aktiv sein und bleiben &#8211; Handbuch Nachhaltiger Aktivismus<\/a> von Timo Luthmann<\/p>\n<p><a href=\"https:\/\/aktivisti-retreat.org\/\">Aktivisti Retreat<\/a> &#8211; Retreat-R\u00e4ume f\u00fcr Aktivisti des sozial-\u00f6kologischen Wandels in \u00d6kod\u00f6rfern, Lebensgemeinschaften und Kommunen<\/p>\n<p>zine &#8211; <a href=\"http:\/\/afb.blogsport.de\/material\/\" target=\"_blank\" rel=\"noopener noreferrer\">politisch aktiv, ohne kaputtzugehen<\/a><\/p>\n<p><a href=\"https:\/\/casa-kua.com\/\">Casa Ku\u00e0<\/a> &#8211; Trans*Inter*Queeres Community &amp;Health Center in Berlin<\/p>\n<p>Wie wei\u00df ist Klimaaktivismus?<\/p>\n<ul>\n<li><a href=\"https:\/\/kanackischewelle.podigee.io\/16-weisser-klima-aktivismus\">kanackische Welle <\/a>mit Aaliyah Bah-Traor\u00e9 Shayl\u0131 Kartal &amp; Aminata Tour\u00e9<\/li>\n<li><a href=\"https:\/\/www.youtube.com\/watch?v=iXtzy2RLjc8\" target=\"_blank\" rel=\"noopener noreferrer\">Karakaya talk bei youtube<\/a><\/li>\n<\/ul>\n<p><a href=\"https:\/\/www.youtube.com\/watch?v=QrPCOjIfXt8\">BIPoC Klimakonferenz<\/a> 2020: ab 1:18:28 gehts auch ums l\u00e4nger aktiv bleiben<\/p>\n<p><a href=\"https:\/\/www.transformativejustice.eu\/de\/das-risiko-wagen-unser-zine-jetzt-online\/\">Transformative justice zine<\/a><\/p>\n<p>Zine: <a href=\"http:\/\/cre-act.net\/wp-content\/uploads\/2015\/07\/Zine-German-site-17.pdf\">Nachhaltiger Aktivismus<\/a>\u00a0von\u00a0<a href=\"https:\/\/cre-act.net\">Cre-Act<\/a><\/p>\n<p><a href=\"https:\/\/rampereicht.de\/\">Rampe? Reicht!<\/a> &#8211; zweiw\u00f6chiger Pocast \u00fcber Behinderungen, gesellschaftliche und Community-interne Ausschl\u00fcsse und Roboterpopo\u2019s.<\/p>\n<p>Wums! Kollektiv &#8211; Werkstatt f\u00fcr Utopie und <a href=\"https:\/\/wums-kollektiv.org\/\">mentale Selbstverteidigung<\/a><\/p>\n<p><a href=\"https:\/\/birgit-rydlewski.de\/tag\/barrierefreiheit\/\" target=\"_blank\" rel=\"noopener\">Blog-Eintr\u00e4ge \u00fcber Barrierefreiheit in der Linken Szene<\/a> von Birgit Rydlewski<\/p>\n<p>&nbsp;<\/p>\n","protected":false},"excerpt":{"rendered":"<p>English\u00a0 Francais Polski Deutsch Out of Action &#8211; emotionale erste Hilfe Politisch aktiv sein und bleiben &#8211; Handbuch Nachhaltiger Aktivismus von Timo Luthmann Aktivisti Retreat &#8211; Retreat-R\u00e4ume f\u00fcr Aktivisti des sozial-\u00f6kologischen Wandels in \u00d6kod\u00f6rfern, Lebensgemeinschaften und Kommunen zine &#8211; politisch &hellip; <a href=\"https:\/\/radicalresilience.noblogs.org\/de\/interesting-links\/\">Weiterlesen <span class=\"meta-nav\">&rarr;<\/span><\/a><\/p>\n","protected":false},"author":9790,"featured_media":0,"parent":0,"menu_order":1,"comment_status":"closed","ping_status":"closed","template":"","meta":{"_locale":"de_DE","_original_post":"67","footnotes":""},"class_list":["post-288","page","type-page","status-publish","hentry","de-DE"],"_links":{"self":[{"href":"https:\/\/radicalresilience.noblogs.org\/wp-json\/wp\/v2\/pages\/288","targetHints":{"allow":["GET"]}}],"collection":[{"href":"https:\/\/radicalresilience.noblogs.org\/wp-json\/wp\/v2\/pages"}],"about":[{"href":"https:\/\/radicalresilience.noblogs.org\/wp-json\/wp\/v2\/types\/page"}],"author":[{"embeddable":true,"href":"https:\/\/radicalresilience.noblogs.org\/wp-json\/wp\/v2\/users\/9790"}],"replies":[{"embeddable":true,"href":"https:\/\/radicalresilience.noblogs.org\/wp-json\/wp\/v2\/comments?post=288"}],"version-history":[{"count":12,"href":"https:\/\/radicalresilience.noblogs.org\/wp-json\/wp\/v2\/pages\/288\/revisions"}],"predecessor-version":[{"id":846,"href":"https:\/\/radicalresilience.noblogs.org\/wp-json\/wp\/v2\/pages\/288\/revisions\/846"}],"wp:attachment":[{"href":"https:\/\/radicalresilience.noblogs.org\/wp-json\/wp\/v2\/media?parent=288"}],"curies":[{"name":"wp","href":"https:\/\/api.w.org\/{rel}","templated":true}]}}